{"id":462,"date":"2020-03-19T13:05:59","date_gmt":"2020-03-19T12:05:59","guid":{"rendered":"http:\/\/socorristas-lefilm.net\/site\/?page_id=462"},"modified":"2023-04-25T18:57:43","modified_gmt":"2023-04-25T16:57:43","slug":"teasers","status":"publish","type":"page","link":"http:\/\/socorristas-lefilm.net\/site\/teasers\/","title":{"rendered":"Teaser"},"content":{"rendered":"\n<h2 class=\"wp-block-heading\">Accueillir pour accompagner<\/h2>\n\n\n\n<figure class=\"wp-block-embed is-type-video is-provider-vimeo wp-block-embed-vimeo wp-embed-aspect-16-9 wp-has-aspect-ratio\"><div class=\"wp-block-embed__wrapper\">\n<iframe loading=\"lazy\" src=\"https:\/\/player.vimeo.com\/video\/820956175?h=d5f681f620&amp;dnt=1&amp;app_id=122963\" width=\"750\" height=\"422\" frameborder=\"0\" allow=\"autoplay; fullscreen; picture-in-picture\" allowfullscreen><\/iframe>\n<\/div><figcaption class=\"wp-element-caption\"><br>Deux Socorristas, Lucre et Agus, r\u00e9alisent l&rsquo;accueil t\u00e9l\u00e9phonique des femmes qui appellent parce qu&rsquo;elles ont besoin d&rsquo;avorter. Avec douceur et p\u00e9dagogie, elles leur expliquent comment va se passer l&rsquo;accompagnement des Socorristas. Dans cet extrait, elles sont confront\u00e9es \u00e0 une situation difficile.<\/figcaption><\/figure>\n","protected":false},"excerpt":{"rendered":"<p>Accueillir pour accompagner<\/p>\n","protected":false},"author":1,"featured_media":0,"parent":0,"menu_order":0,"comment_status":"closed","ping_status":"closed","template":"","meta":[],"_links":{"self":[{"href":"http:\/\/socorristas-lefilm.net\/site\/wp-json\/wp\/v2\/pages\/462"}],"collection":[{"href":"http:\/\/socorristas-lefilm.net\/site\/wp-json\/wp\/v2\/pages"}],"about":[{"href":"http:\/\/socorristas-lefilm.net\/site\/wp-json\/wp\/v2\/types\/page"}],"author":[{"embeddable":true,"href":"http:\/\/socorristas-lefilm.net\/site\/wp-json\/wp\/v2\/users\/1"}],"replies":[{"embeddable":true,"href":"http:\/\/socorristas-lefilm.net\/site\/wp-json\/wp\/v2\/comments?post=462"}],"version-history":[{"count":10,"href":"http:\/\/socorristas-lefilm.net\/site\/wp-json\/wp\/v2\/pages\/462\/revisions"}],"predecessor-version":[{"id":682,"href":"http:\/\/socorristas-lefilm.net\/site\/wp-json\/wp\/v2\/pages\/462\/revisions\/682"}],"wp:attachment":[{"href":"http:\/\/socorristas-lefilm.net\/site\/wp-json\/wp\/v2\/media?parent=462"}],"curies":[{"name":"wp","href":"https:\/\/api.w.org\/{rel}","templated":true}]}}