{"id":711,"date":"2023-09-15T17:49:25","date_gmt":"2023-09-15T15:49:25","guid":{"rendered":"http:\/\/socorristas-lefilm.net\/site\/?page_id=711"},"modified":"2025-01-31T15:07:04","modified_gmt":"2025-01-31T14:07:04","slug":"la-musique-de-socorristas","status":"publish","type":"page","link":"http:\/\/socorristas-lefilm.net\/site\/la-musique-de-socorristas\/","title":{"rendered":"Dans les m\u00e9dias"},"content":{"rendered":"\n<h2 class=\"wp-block-heading\"><strong>De projection en projection, le film se fait conna\u00eetre et les m\u00e9dias font appel \u00e0 nous pour en parler. Voici quelques liens vers des \u00e9missions qui nous ont donn\u00e9 la parole. <\/strong><\/h2>\n\n\n\n<h3 class=\"wp-block-heading\">Participation \u00e0 l&rsquo;\u00e9mission radio <em>La marche du monde<\/em> sur RFI, d\u00e9di\u00e9e le 10 mars 2024 au th\u00e8me \u00ab\u00a0Avortement, quand les femmes s&rsquo;organisent\u00a0\u00bb<\/h3>\n\n\n\n<p><a href=\"https:\/\/www.rfi.fr\/fr\/podcasts\/la-marche-du-monde\/20240310-avortement-quand-les-femmes-s-organisent\">https:\/\/www.rfi.fr\/fr\/podcasts\/la-marche-du-monde\/20240310-avortement-quand-les-femmes-s-organisent<\/a><\/p>\n\n\n\n<p>Que font font face \u00e0 une grossesse non d\u00e9sir\u00e9e les personnes vivant dans un pays o\u00f9 l&rsquo;avortement est interdit ? Quels sont les r\u00e9seaux de solidarit\u00e9 qu\u2019elles inventent ici et ailleurs, hier et aujourd\u2019hui? Nous leur donnons la parole depuis le S\u00e9n\u00e9gal, la France ou encore l\u2019Argentine.<\/p>\n\n\n\n<p><strong><u>Avec les t\u00e9moignages&nbsp;de<\/u>&nbsp;:<\/strong><\/p>\n\n\n\n<p>&#8211; <strong>Caroline Kim Morange,<\/strong> r\u00e9alisatrice du documentaire \u00ab\u00a0Socorristas\u00a0\u00bb. En 2018, de nombreuses femmes mouraient dans des avortements clandestins en Argentine. La r\u00e9alisatrice suit un collectif Socorristas, qui accompagne des femmes souhaitant pratiquer l\u2019IVG. <\/p>\n\n\n\n<p>&#8211; <strong>Zipporah Ndione<\/strong>, juriste de formation, coordinatrice du r\u00e9seau des jeunes f\u00e9ministes d\u2019Afrique de l\u2019Ouest (RJFAO)<\/p>\n\n\n\n<p>&#8211; <strong>Olivier Bernard<\/strong>, m\u00e9decin g\u00e9n\u00e9raliste, orthog\u00e9niste (Ensemble des m\u00e9thodes de planification et de r\u00e9gulation des naissances) et ancien pr\u00e9sident du MLAC de Grenoble, mouvement pour la libert\u00e9 de l&rsquo;avortement et de la contraception cr\u00e9\u00e9 en 1973<\/p>\n\n\n\n<p>&#8211; <strong>Annie Chemla<\/strong>, membre du MLF puis du MLAC. En 1977, elle d\u00e9cide de cr\u00e9er l\u2019antenne MLAC de la Place des F\u00eates \u00e0 Paris.<\/p>\n\n\n\n<p><strong>Et l\u2019analyse de la sociologue Lucile Ruault.<\/strong><\/p>\n\n\n\n<h3 class=\"wp-block-heading\">A l&rsquo;occasion d&rsquo;une projection \u00e0 Caen avec l&rsquo;association <a href=\"https:\/\/www.facebook.com\/assureipssasso\/?locale=fr_FR\" data-type=\"URL\" data-id=\"https:\/\/www.facebook.com\/assureipssasso\/?locale=fr_FR\">Assureips<\/a>, \u00e9mission sur Radio Ph\u00e9nix dans \u00ab\u00a0La M\u00e9ridienne\u00a0\u00bb, le 9 janvier 2024<\/h3>\n\n\n\n<p><a href=\"https:\/\/phenix.fm\/podcast\/caroline-kim-morange-et-les-socorristas-argentines\/\">https:\/\/phenix.fm\/podcast\/caroline-kim-morange-et-les-socorristas-argentines\/<\/a><\/p>\n\n\n\n<p>Radio Ph\u00e9nix est une radio universitaire situ\u00e9e \u00e0 Caen.<\/p>\n\n\n\n<p>Dans cette \u00e9mis\u00adsion, on re\u00e7oit Caro\u00adline Kim Morange, jour\u00adna\u00adliste et r\u00e9a\u00adli\u00adsa\u00adtrice de films docu\u00admen\u00adtaires. Cette fois, on se concentre sur <em>Socor\u00adris\u00adtas<\/em>, un de ses docu\u00admen\u00adtaires, paru en 2022, sur les luttes f\u00e9mi\u00adnistes argen\u00adtines. On y suit les socor\u00adris\u00adtas, des mili\u00adtantes qui accom\u00adpagnent les femmes dans leur pro\u00adces\u00adsus d\u2019a\u00advor\u00adte\u00adment ill\u00e9gal.<br>En seconde par\u00adtie d\u2019\u00e9mission, on retrouve Diane pour son anec\u00addote his\u00adto\u00adrique de la semaine. Elle a fait le choix, un peu tar\u00addif, de nous par\u00adler de la date de No\u00ebl !<br>Pause musi\u00adcale : Rien ne pour\u00adra t\u2019effacer \u2013 Mar\u00adgue\u00adrite Thiam<\/p>\n\n\n\n<h3 class=\"wp-block-heading\">Tr\u00e8s sympathique d\u00e9bat suite \u00e0 la projection aux \u00ab\u00a0Samedis d&rsquo;Addoc\u00a0\u00bb au cin\u00e9ma <a href=\"https:\/\/www.luminor-hoteldeville.com\/\" data-type=\"URL\" data-id=\"https:\/\/www.luminor-hoteldeville.com\/\">Luminor<\/a> \u00e0 Paris, le 30 septembre 2023<\/h3>\n\n\n\n<p>Le samedi 30 septembre 2023 a eu lieu la projection du documentaire Socorristas, militantes de l&rsquo;avortement, r\u00e9alis\u00e9 par Caroline Kim-Morange, au cin\u00e9ma Le Luminor &#8211; H\u00f4tel de Ville.<\/p>\n\n\n\n<figure class=\"wp-block-embed is-type-rich is-provider-soundcloud wp-block-embed-soundcloud\"><div class=\"wp-block-embed__wrapper\">\n<iframe loading=\"lazy\" title=\"Les Samedis d&#039;Addoc - 30.09.2023 | Socorristas, militantes de l&#039;avortement, de Caroline Kim-Morange by Addoc\" width=\"750\" height=\"400\" scrolling=\"no\" frameborder=\"no\" src=\"https:\/\/w.soundcloud.com\/player\/?visual=true&#038;url=https%3A%2F%2Fapi.soundcloud.com%2Ftracks%2F1654871718&#038;show_artwork=true&#038;maxheight=1000&#038;maxwidth=750\"><\/iframe>\n<\/div><\/figure>\n\n\n\n<h3 class=\"wp-block-heading\">On parle entre r\u00e9alisateur-ices, dans l&rsquo;\u00e9mission \u00ab\u00a0On a d\u00e9j\u00e0 trait\u00e9 le sujet\u00a0\u00bb de l&rsquo;association des cin\u00e9astes documentaristes Addoc <\/h3>\n\n\n\n<p>Pour son \u00e9mission du dimanche 7 mai 2023, l\u2019\u00e9quipe de Radio Addoc a invit\u00e9 :<\/p>\n\n\n\n<ul>\n<li><strong>Caroline Kim Morange<\/strong> : <em><strong>Socorristas, militantes de l\u2019avortement <\/strong><\/em>(2022 &#8211; 1h10)<\/li>\n\n\n\n<li><strong>Alima Arouali et Fran\u00e7ois Bernard :<\/strong> <strong><em>Laissez les avorter tranquille !<\/em><\/strong> (2013 \u2013 48\u2032)<\/li>\n<\/ul>\n\n\n\n<figure class=\"wp-block-embed is-type-rich is-provider-soundcloud wp-block-embed-soundcloud\"><div class=\"wp-block-embed__wrapper\">\n<iframe loading=\"lazy\" title=\"On a d\u00e9j\u00e0 trait\u00e9 le sujet ! 07\/05\/23 &quot;IVG, un droit !&quot; by Addoc\" width=\"750\" height=\"400\" scrolling=\"no\" frameborder=\"no\" src=\"https:\/\/w.soundcloud.com\/player\/?visual=true&#038;url=https%3A%2F%2Fapi.soundcloud.com%2Ftracks%2F1508850502&#038;show_artwork=true&#038;maxheight=1000&#038;maxwidth=750\"><\/iframe>\n<\/div><\/figure>\n\n\n\n<h3 class=\"wp-block-heading\">Premi\u00e8re \u00e9mission de radio : \u00ab\u00a0Remue-m\u00e9ninges f\u00e9ministes\u00a0\u00bb sur Radio Libertaire, le 31 mai 2023<\/h3>\n\n\n\n<p>Quatre temps dans cette \u00e9mission :<br>&#8211; F\u00e9minicides par compagnons ou ex.<br>&#8211; Pascale Locquin : Entendre le temps qui pousse&#8230; 2022. Auteure, compositeure, interpr\u00e8te. Dans ce troisi\u00e8me opus, un m\u00e9lange de classicisme et d\u2019influences celtiques. \u00ab Au-del\u00e0 des mots et de leur assonance, coule une belle m\u00e9lodie. L\u2019\u00e9criture sur les cordes de sa guitare prend un envol agr\u00e9able \u00e0 la lecture \u00bb Thierry Sajat. Concert \u00e0 la librairie Publico, le samedi 17 juin \u00e0 16 h.<br>&#8211; Socorristas de Caroline Kim-Morange : Alors que l\u2019Argentine est secou\u00e9e par un d\u00e9bat historique sur la l\u00e9galisation de l\u2019avortement, les Socorristas, militantes f\u00e9ministes, poursuivent le combat, bravant les interdits pour aider d\u2019autres femmes.<\/p>\n\n\n\n<figure class=\"wp-block-embed is-type-rich is-provider-mixcloud wp-block-embed-mixcloud wp-embed-aspect-21-9 wp-has-aspect-ratio\"><div class=\"wp-block-embed__wrapper\">\n<iframe loading=\"lazy\" title=\"31\/5\/23 - Pascale Locquin\/Socorristas - Femmes Libres Sur Radio Libertaire\" width=\"100%\" height=\"120\" src=\"https:\/\/www.mixcloud.com\/widget\/iframe\/?feed=https%3A%2F%2Fwww.mixcloud.com%2FFemmesLibres%2F31523-pascale-locquinsocorristas-femmes-libres-sur-radio-libertaire%2F&amp;hide_cover=1\" frameborder=\"0\"><\/iframe>\n<\/div><\/figure>\n\n\n\n<h3 class=\"wp-block-heading\">Tout a commenc\u00e9 par un article dans le webzine \u00ab\u00a0Les Ourses \u00e0 plumes\u00a0\u00bb, en 2022<\/h3>\n\n\n\n<figure class=\"wp-block-embed is-type-wp-embed is-provider-les-ourses-a-plumes wp-block-embed-les-ourses-a-plumes\"><div class=\"wp-block-embed__wrapper\">\n<blockquote class=\"wp-embedded-content\" data-secret=\"XWfpIva9hv\"><a href=\"https:\/\/lesoursesaplumes.info\/2022\/11\/01\/la-maternidad-no-es-destino-le-combat-des-socorristas-en-argentine\/\">La maternidad no es destino : le combat des Socorristas en Argentine<\/a><\/blockquote><iframe class=\"wp-embedded-content\" sandbox=\"allow-scripts\" security=\"restricted\" style=\"position: absolute; clip: rect(1px, 1px, 1px, 1px);\" title=\"\u00ab\u00a0La maternidad no es destino : le combat des Socorristas en Argentine\u00a0\u00bb &#8212; Les Ourses \u00e0 plumes\" src=\"https:\/\/lesoursesaplumes.info\/2022\/11\/01\/la-maternidad-no-es-destino-le-combat-des-socorristas-en-argentine\/embed\/#?secret=RNvmsWQRtM#?secret=XWfpIva9hv\" data-secret=\"XWfpIva9hv\" width=\"600\" height=\"338\" frameborder=\"0\" marginwidth=\"0\" marginheight=\"0\" scrolling=\"no\"><\/iframe>\n<\/div><\/figure>\n","protected":false},"excerpt":{"rendered":"<p>De projection en projection, le film se fait conna\u00eetre et les m\u00e9dias font appel \u00e0 nous pour en parler. Voici quelques liens vers des \u00e9missions qui nous ont donn\u00e9 la parole. Participation \u00e0 l&rsquo;\u00e9mission radio La marche du monde sur RFI, d\u00e9di\u00e9e le 10 mars 2024 au th\u00e8me \u00ab\u00a0Avortement, quand [&hellip;]<\/p>\n","protected":false},"author":1,"featured_media":773,"parent":0,"menu_order":0,"comment_status":"closed","ping_status":"closed","template":"","meta":[],"_links":{"self":[{"href":"http:\/\/socorristas-lefilm.net\/site\/wp-json\/wp\/v2\/pages\/711"}],"collection":[{"href":"http:\/\/socorristas-lefilm.net\/site\/wp-json\/wp\/v2\/pages"}],"about":[{"href":"http:\/\/socorristas-lefilm.net\/site\/wp-json\/wp\/v2\/types\/page"}],"author":[{"embeddable":true,"href":"http:\/\/socorristas-lefilm.net\/site\/wp-json\/wp\/v2\/users\/1"}],"replies":[{"embeddable":true,"href":"http:\/\/socorristas-lefilm.net\/site\/wp-json\/wp\/v2\/comments?post=711"}],"version-history":[{"count":11,"href":"http:\/\/socorristas-lefilm.net\/site\/wp-json\/wp\/v2\/pages\/711\/revisions"}],"predecessor-version":[{"id":783,"href":"http:\/\/socorristas-lefilm.net\/site\/wp-json\/wp\/v2\/pages\/711\/revisions\/783"}],"wp:featuredmedia":[{"embeddable":true,"href":"http:\/\/socorristas-lefilm.net\/site\/wp-json\/wp\/v2\/media\/773"}],"wp:attachment":[{"href":"http:\/\/socorristas-lefilm.net\/site\/wp-json\/wp\/v2\/media?parent=711"}],"curies":[{"name":"wp","href":"https:\/\/api.w.org\/{rel}","templated":true}]}}